{"id":460,"date":"2021-10-08T16:14:16","date_gmt":"2021-10-08T14:14:16","guid":{"rendered":"https:\/\/batzen.eus\/gazteak\/"},"modified":"2025-12-03T15:08:00","modified_gmt":"2025-12-03T14:08:00","slug":"jovenes","status":"publish","type":"page","link":"https:\/\/batzen.eus\/es\/jovenes\/","title":{"rendered":"J\u00f3venes"},"content":{"rendered":"\t\t<div data-elementor-type=\"wp-page\" data-elementor-id=\"460\" class=\"elementor elementor-460 elementor-160\" data-elementor-post-type=\"page\">\n\t\t\t\t\t\t<section class=\"elementor-section elementor-top-section elementor-element elementor-element-80dc8d2 elementor-section-boxed elementor-section-height-default elementor-section-height-default\" data-id=\"80dc8d2\" data-element_type=\"section\" data-e-type=\"section\" data-settings=\"{&quot;background_background&quot;:&quot;classic&quot;}\">\n\t\t\t\t\t\t<div class=\"elementor-container elementor-column-gap-default\">\n\t\t\t\t\t<div class=\"elementor-column elementor-col-50 elementor-top-column elementor-element elementor-element-f7e1188\" data-id=\"f7e1188\" data-element_type=\"column\" data-e-type=\"column\">\n\t\t\t<div class=\"elementor-widget-wrap elementor-element-populated\">\n\t\t\t\t\t\t<div class=\"elementor-element elementor-element-c099a69 animated-fast elementor-invisible elementor-widget elementor-widget-heading\" data-id=\"c099a69\" data-element_type=\"widget\" data-e-type=\"widget\" data-settings=\"{&quot;motion_fx_motion_fx_scrolling&quot;:&quot;yes&quot;,&quot;motion_fx_translateY_effect&quot;:&quot;yes&quot;,&quot;motion_fx_translateY_affectedRange&quot;:{&quot;unit&quot;:&quot;%&quot;,&quot;size&quot;:&quot;&quot;,&quot;sizes&quot;:{&quot;start&quot;:0,&quot;end&quot;:90}},&quot;motion_fx_devices&quot;:[&quot;desktop&quot;,&quot;tablet&quot;],&quot;_animation&quot;:&quot;fadeIn&quot;,&quot;motion_fx_translateY_speed&quot;:{&quot;unit&quot;:&quot;px&quot;,&quot;size&quot;:4,&quot;sizes&quot;:[]}}\" data-widget_type=\"heading.default\">\n\t\t\t\t<div class=\"elementor-widget-container\">\n\t\t\t\t\t<h1 class=\"elementor-heading-title elementor-size-default\">J\u00f3venes<\/h1>\t\t\t\t<\/div>\n\t\t\t\t<\/div>\n\t\t\t\t\t<\/div>\n\t\t<\/div>\n\t\t\t\t<div class=\"elementor-column elementor-col-50 elementor-top-column elementor-element elementor-element-4a720bd\" data-id=\"4a720bd\" data-element_type=\"column\" data-e-type=\"column\">\n\t\t\t<div class=\"elementor-widget-wrap elementor-element-populated\">\n\t\t\t\t\t\t<div class=\"elementor-element elementor-element-0b40a4f elementor-widget elementor-widget-spacer\" data-id=\"0b40a4f\" data-element_type=\"widget\" data-e-type=\"widget\" data-widget_type=\"spacer.default\">\n\t\t\t\t<div class=\"elementor-widget-container\">\n\t\t\t\t\t\t\t<div class=\"elementor-spacer\">\n\t\t\t<div class=\"elementor-spacer-inner\"><\/div>\n\t\t<\/div>\n\t\t\t\t\t\t<\/div>\n\t\t\t\t<\/div>\n\t\t\t\t<div class=\"elementor-element elementor-element-de511f7 animated-fast elementor-invisible elementor-widget elementor-widget-heading\" data-id=\"de511f7\" data-element_type=\"widget\" data-e-type=\"widget\" data-settings=\"{&quot;_animation&quot;:&quot;fadeIn&quot;}\" data-widget_type=\"heading.default\">\n\t\t\t\t<div class=\"elementor-widget-container\">\n\t\t\t\t\t<h2 class=\"elementor-heading-title elementor-size-default\">J\u00f3venes que se encuentran en la red de Protecci\u00f3n a la Infancia y a la Adolescencia e Inclusi\u00f3n Social<\/h2>\t\t\t\t<\/div>\n\t\t\t\t<\/div>\n\t\t\t\t<div class=\"elementor-element elementor-element-31efe5b animated-fast elementor-invisible elementor-widget elementor-widget-heading\" data-id=\"31efe5b\" data-element_type=\"widget\" data-e-type=\"widget\" data-settings=\"{&quot;_animation&quot;:&quot;fadeIn&quot;}\" data-widget_type=\"heading.default\">\n\t\t\t\t<div class=\"elementor-widget-container\">\n\t\t\t\t\t<p class=\"elementor-heading-title elementor-size-default\">La red de Protecci\u00f3n a la Infancia y a la Adolescencia e Inclusi\u00f3n Social de la Diputaci\u00f3n Foral de Gipuzkoa cuenta en estos momentos con m\u00e1s de 500 j\u00f3venes.  <b>BATZEN<\/b> tiene como objetivo el acceso al empleo de dos grupos de j\u00f3venes integrados en dicha red.<\/p>\t\t\t\t<\/div>\n\t\t\t\t<\/div>\n\t\t\t\t\t<\/div>\n\t\t<\/div>\n\t\t\t\t\t<\/div>\n\t\t<\/section>\n\t\t\t\t<section class=\"elementor-section elementor-top-section elementor-element elementor-element-06a17cd elementor-section-boxed elementor-section-height-default elementor-section-height-default\" data-id=\"06a17cd\" data-element_type=\"section\" data-e-type=\"section\" data-settings=\"{&quot;background_background&quot;:&quot;classic&quot;}\">\n\t\t\t\t\t\t\t<div class=\"elementor-background-overlay\"><\/div>\n\t\t\t\t\t\t\t<div class=\"elementor-container elementor-column-gap-default\">\n\t\t\t\t\t<div class=\"elementor-column elementor-col-50 elementor-top-column elementor-element elementor-element-df4389a\" data-id=\"df4389a\" data-element_type=\"column\" data-e-type=\"column\">\n\t\t\t<div class=\"elementor-widget-wrap elementor-element-populated\">\n\t\t\t\t\t\t<div class=\"elementor-element elementor-element-113b59e elementor-widget elementor-widget-html\" data-id=\"113b59e\" data-element_type=\"widget\" data-e-type=\"widget\" data-widget_type=\"html.default\">\n\t\t\t\t<div class=\"elementor-widget-container\">\n\t\t\t\t\t<a href=\"#gazteak\" class=\"align-left\">\n    <svg xmlns=\"http:\/\/www.w3.org\/2000\/svg\" width=\"40.707\" height=\"66.354\" viewBox=\"0 0 40.707 66.354\">\n  <g id=\"Grupo_15\" data-name=\"Grupo 15\" transform=\"translate(-1600.146 -1864.5)\">\n    <line id=\"L\u00ednea_6\" data-name=\"L\u00ednea 6\" y2=\"66\" transform=\"translate(1620.5 1864.5)\" fill=\"none\" stroke=\"#120078\" stroke-width=\"1\"\/>\n    <line id=\"L\u00ednea_7\" data-name=\"L\u00ednea 7\" x1=\"20\" y1=\"20\" transform=\"translate(1600.5 1910.5)\" fill=\"none\" stroke=\"#120078\" stroke-width=\"1\"\/>\n    <line id=\"L\u00ednea_8\" data-name=\"L\u00ednea 8\" y1=\"20\" x2=\"20\" transform=\"translate(1620.5 1910.5)\" fill=\"none\" stroke=\"#120078\" stroke-width=\"1\"\/>\n  <\/g>\n<\/svg>\n\n<\/a>\t\t\t\t<\/div>\n\t\t\t\t<\/div>\n\t\t\t\t\t<\/div>\n\t\t<\/div>\n\t\t\t\t<div class=\"elementor-column elementor-col-50 elementor-top-column elementor-element elementor-element-ab96811\" data-id=\"ab96811\" data-element_type=\"column\" data-e-type=\"column\" data-settings=\"{&quot;background_background&quot;:&quot;classic&quot;}\">\n\t\t\t<div class=\"elementor-widget-wrap\">\n\t\t\t\t\t\t\t<\/div>\n\t\t<\/div>\n\t\t\t\t\t<\/div>\n\t\t<\/section>\n\t\t\t\t<section class=\"elementor-section elementor-top-section elementor-element elementor-element-19d092d elementor-section-boxed elementor-section-height-default elementor-section-height-default\" data-id=\"19d092d\" data-element_type=\"section\" data-e-type=\"section\" id=\"gazteak\" data-settings=\"{&quot;background_background&quot;:&quot;classic&quot;}\">\n\t\t\t\t\t\t<div class=\"elementor-container elementor-column-gap-default\">\n\t\t\t\t\t<div class=\"elementor-column elementor-col-33 elementor-top-column elementor-element elementor-element-091b397\" data-id=\"091b397\" data-element_type=\"column\" data-e-type=\"column\">\n\t\t\t<div class=\"elementor-widget-wrap\">\n\t\t\t\t\t\t\t<\/div>\n\t\t<\/div>\n\t\t\t\t<div class=\"elementor-column elementor-col-33 elementor-top-column elementor-element elementor-element-d1e829b\" data-id=\"d1e829b\" data-element_type=\"column\" data-e-type=\"column\">\n\t\t\t<div class=\"elementor-widget-wrap elementor-element-populated\">\n\t\t\t\t\t\t<div class=\"elementor-element elementor-element-f6d5608 animated-fast elementor-invisible elementor-widget elementor-widget-heading\" data-id=\"f6d5608\" data-element_type=\"widget\" data-e-type=\"widget\" data-settings=\"{&quot;_animation&quot;:&quot;fadeIn&quot;}\" data-widget_type=\"heading.default\">\n\t\t\t\t<div class=\"elementor-widget-container\">\n\t\t\t\t\t<h2 class=\"elementor-heading-title elementor-size-default\">J\u00f3venes entre 16 y 18 a\u00f1os de la red de Protecci\u00f3n a la Infancia y a la Adolescencia<\/h2>\t\t\t\t<\/div>\n\t\t\t\t<\/div>\n\t\t\t\t<div class=\"elementor-element elementor-element-aadd99c animated-fast elementor-invisible elementor-widget elementor-widget-heading\" data-id=\"aadd99c\" data-element_type=\"widget\" data-e-type=\"widget\" data-settings=\"{&quot;_animation&quot;:&quot;fadeIn&quot;}\" data-widget_type=\"heading.default\">\n\t\t\t\t<div class=\"elementor-widget-container\">\n\t\t\t\t\t<p class=\"elementor-heading-title elementor-size-default\">J\u00f3venes de 16 a 18 a\u00f1os que residen en residencias destinadas a menores que no pueden permanecer en sus hogares. Personas j\u00f3venes en situaci\u00f3n de desprotecci\u00f3n que se encuentran en situaci\u00f3n de separaci\u00f3n familiar o que se encuentran sin referentes familiares tras un proceso migratorio precoz. Esta red ofrece a las personas menores de edad un espacio residencial y de convivencia que satisfaga sus necesidades y necesidades de forma satisfactoria.<\/p>\t\t\t\t<\/div>\n\t\t\t\t<\/div>\n\t\t\t\t<div class=\"elementor-element elementor-element-2389426 animated-fast elementor-invisible elementor-widget elementor-widget-image\" data-id=\"2389426\" data-element_type=\"widget\" data-e-type=\"widget\" data-settings=\"{&quot;_animation&quot;:&quot;fadeIn&quot;}\" data-widget_type=\"image.default\">\n\t\t\t\t<div class=\"elementor-widget-container\">\n\t\t\t\t\t\t\t\t\t\t\t\t\t\t\t<img fetchpriority=\"high\" decoding=\"async\" width=\"1779\" height=\"1000\" src=\"https:\/\/batzen.eus\/wp-content\/uploads\/2021\/10\/batzen-harrera-enpresak-16-18.jpg\" class=\"attachment-full size-full wp-image-461\" alt=\"\" srcset=\"https:\/\/batzen.eus\/wp-content\/uploads\/2021\/10\/batzen-harrera-enpresak-16-18.jpg 1779w, https:\/\/batzen.eus\/wp-content\/uploads\/2021\/10\/batzen-harrera-enpresak-16-18-800x450.jpg 800w, https:\/\/batzen.eus\/wp-content\/uploads\/2021\/10\/batzen-harrera-enpresak-16-18-1200x675.jpg 1200w, https:\/\/batzen.eus\/wp-content\/uploads\/2021\/10\/batzen-harrera-enpresak-16-18-768x432.jpg 768w, https:\/\/batzen.eus\/wp-content\/uploads\/2021\/10\/batzen-harrera-enpresak-16-18-1536x863.jpg 1536w\" sizes=\"(max-width: 1779px) 100vw, 1779px\" \/>\t\t\t\t\t\t\t\t\t\t\t\t\t\t\t<\/div>\n\t\t\t\t<\/div>\n\t\t\t\t\t<\/div>\n\t\t<\/div>\n\t\t\t\t<div class=\"elementor-column elementor-col-33 elementor-top-column elementor-element elementor-element-a057491\" data-id=\"a057491\" data-element_type=\"column\" data-e-type=\"column\">\n\t\t\t<div class=\"elementor-widget-wrap\">\n\t\t\t\t\t\t\t<\/div>\n\t\t<\/div>\n\t\t\t\t\t<\/div>\n\t\t<\/section>\n\t\t\t\t<section class=\"elementor-section elementor-top-section elementor-element elementor-element-ef94853 elementor-section-boxed elementor-section-height-default elementor-section-height-default\" data-id=\"ef94853\" data-element_type=\"section\" data-e-type=\"section\" data-settings=\"{&quot;background_background&quot;:&quot;classic&quot;}\">\n\t\t\t\t\t\t<div class=\"elementor-container elementor-column-gap-default\">\n\t\t\t\t\t<div class=\"elementor-column elementor-col-33 elementor-top-column elementor-element elementor-element-f321700\" data-id=\"f321700\" data-element_type=\"column\" data-e-type=\"column\">\n\t\t\t<div class=\"elementor-widget-wrap\">\n\t\t\t\t\t\t\t<\/div>\n\t\t<\/div>\n\t\t\t\t<div class=\"elementor-column elementor-col-33 elementor-top-column elementor-element elementor-element-ac8e3fb\" data-id=\"ac8e3fb\" data-element_type=\"column\" data-e-type=\"column\">\n\t\t\t<div class=\"elementor-widget-wrap elementor-element-populated\">\n\t\t\t\t\t\t<div class=\"elementor-element elementor-element-1be75b4 animated-fast elementor-invisible elementor-widget elementor-widget-heading\" data-id=\"1be75b4\" data-element_type=\"widget\" data-e-type=\"widget\" data-settings=\"{&quot;_animation&quot;:&quot;fadeIn&quot;}\" data-widget_type=\"heading.default\">\n\t\t\t\t<div class=\"elementor-widget-container\">\n\t\t\t\t\t<h2 class=\"elementor-heading-title elementor-size-default\">J\u00f3venes de 18 a 25 a\u00f1os de la red de Inclusi\u00f3n Social<\/h2>\t\t\t\t<\/div>\n\t\t\t\t<\/div>\n\t\t\t\t<div class=\"elementor-element elementor-element-94f49e1 animated-fast elementor-invisible elementor-widget elementor-widget-heading\" data-id=\"94f49e1\" data-element_type=\"widget\" data-e-type=\"widget\" data-settings=\"{&quot;_animation&quot;:&quot;fadeIn&quot;}\" data-widget_type=\"heading.default\">\n\t\t\t\t<div class=\"elementor-widget-container\">\n\t\t\t\t\t<p class=\"elementor-heading-title elementor-size-default\">J\u00f3venes de 18 a 25 a\u00f1os en proceso de emancipaci\u00f3n que viven en programas de inserci\u00f3n social o en residencias para personas en situaci\u00f3n de exclusi\u00f3n.<\/p>\t\t\t\t<\/div>\n\t\t\t\t<\/div>\n\t\t\t\t<div class=\"elementor-element elementor-element-91d9364 animated-fast elementor-invisible elementor-widget elementor-widget-image\" data-id=\"91d9364\" data-element_type=\"widget\" data-e-type=\"widget\" data-settings=\"{&quot;_animation&quot;:&quot;fadeIn&quot;}\" data-widget_type=\"image.default\">\n\t\t\t\t<div class=\"elementor-widget-container\">\n\t\t\t\t\t\t\t\t\t\t\t\t\t\t\t<img decoding=\"async\" width=\"1779\" height=\"1000\" src=\"https:\/\/batzen.eus\/wp-content\/uploads\/2021\/10\/batzen-harrera-enpresak-18-23.jpg\" class=\"attachment-full size-full wp-image-361\" alt=\"\" srcset=\"https:\/\/batzen.eus\/wp-content\/uploads\/2021\/10\/batzen-harrera-enpresak-18-23.jpg 1779w, https:\/\/batzen.eus\/wp-content\/uploads\/2021\/10\/batzen-harrera-enpresak-18-23-800x450.jpg 800w, https:\/\/batzen.eus\/wp-content\/uploads\/2021\/10\/batzen-harrera-enpresak-18-23-1200x675.jpg 1200w, https:\/\/batzen.eus\/wp-content\/uploads\/2021\/10\/batzen-harrera-enpresak-18-23-768x432.jpg 768w, https:\/\/batzen.eus\/wp-content\/uploads\/2021\/10\/batzen-harrera-enpresak-18-23-1536x863.jpg 1536w\" sizes=\"(max-width: 1779px) 100vw, 1779px\" \/>\t\t\t\t\t\t\t\t\t\t\t\t\t\t\t<\/div>\n\t\t\t\t<\/div>\n\t\t\t\t\t<\/div>\n\t\t<\/div>\n\t\t\t\t<div class=\"elementor-column elementor-col-33 elementor-top-column elementor-element elementor-element-92f961a\" data-id=\"92f961a\" data-element_type=\"column\" data-e-type=\"column\">\n\t\t\t<div class=\"elementor-widget-wrap\">\n\t\t\t\t\t\t\t<\/div>\n\t\t<\/div>\n\t\t\t\t\t<\/div>\n\t\t<\/section>\n\t\t\t\t<section class=\"elementor-section elementor-top-section elementor-element elementor-element-44ee514 elementor-section-boxed elementor-section-height-default elementor-section-height-default\" data-id=\"44ee514\" data-element_type=\"section\" data-e-type=\"section\">\n\t\t\t\t\t\t<div class=\"elementor-container elementor-column-gap-default\">\n\t\t\t\t\t<div class=\"elementor-column elementor-col-100 elementor-top-column elementor-element elementor-element-3e4be8f\" data-id=\"3e4be8f\" data-element_type=\"column\" data-e-type=\"column\">\n\t\t\t<div class=\"elementor-widget-wrap elementor-element-populated\">\n\t\t\t\t\t\t<div class=\"elementor-element elementor-element-2a519a1 animated-fast elementor-invisible elementor-widget elementor-widget-heading\" data-id=\"2a519a1\" data-element_type=\"widget\" data-e-type=\"widget\" data-settings=\"{&quot;_animation&quot;:&quot;fadeIn&quot;,&quot;_animation_delay&quot;:200}\" data-widget_type=\"heading.default\">\n\t\t\t\t<div class=\"elementor-widget-container\">\n\t\t\t\t\t<p class=\"elementor-heading-title elementor-size-default\">El Sistema de Acogida al Empleo <b>BATZEN<\/b> quiere ser el camino entre j\u00f3venes y Empresas de Acogida.<\/p>\t\t\t\t<\/div>\n\t\t\t\t<\/div>\n\t\t\t\t\t<\/div>\n\t\t<\/div>\n\t\t\t\t\t<\/div>\n\t\t<\/section>\n\t\t\t\t<\/div>\n\t\t","protected":false},"excerpt":{"rendered":"<p>J\u00f3venes J\u00f3venes que se encuentran en la red de Protecci\u00f3n a la Infancia y a la Adolescencia e Inclusi\u00f3n Social La red de Protecci\u00f3n a la Infancia y a la Adolescencia e Inclusi\u00f3n Social de la Diputaci\u00f3n Foral de Gipuzkoa cuenta en estos momentos con m\u00e1s de 500 j\u00f3venes. BATZEN tiene como objetivo el acceso [&hellip;]<\/p>\n","protected":false},"author":1,"featured_media":0,"parent":0,"menu_order":0,"comment_status":"closed","ping_status":"closed","template":"","meta":{"_acf_changed":false,"site-sidebar-layout":"no-sidebar","site-content-layout":"page-builder","ast-site-content-layout":"default","site-content-style":"default","site-sidebar-style":"default","ast-global-header-display":"","ast-banner-title-visibility":"","ast-main-header-display":"","ast-hfb-above-header-display":"","ast-hfb-below-header-display":"","ast-hfb-mobile-header-display":"","site-post-title":"disabled","ast-breadcrumbs-content":"","ast-featured-img":"disabled","footer-sml-layout":"","ast-disable-related-posts":"","theme-transparent-header-meta":"default","adv-header-id-meta":"","stick-header-meta":"default","header-above-stick-meta":"","header-main-stick-meta":"","header-below-stick-meta":"","astra-migrate-meta-layouts":"default","ast-page-background-enabled":"default","ast-page-background-meta":{"desktop":{"background-color":"","background-image":"","background-repeat":"repeat","background-position":"center center","background-size":"auto","background-attachment":"scroll","background-type":"","background-media":"","overlay-type":"","overlay-color":"","overlay-opacity":"","overlay-gradient":""},"tablet":{"background-color":"","background-image":"","background-repeat":"repeat","background-position":"center center","background-size":"auto","background-attachment":"scroll","background-type":"","background-media":"","overlay-type":"","overlay-color":"","overlay-opacity":"","overlay-gradient":""},"mobile":{"background-color":"","background-image":"","background-repeat":"repeat","background-position":"center center","background-size":"auto","background-attachment":"scroll","background-type":"","background-media":"","overlay-type":"","overlay-color":"","overlay-opacity":"","overlay-gradient":""}},"ast-content-background-meta":{"desktop":{"background-color":"var(--ast-global-color-5)","background-image":"","background-repeat":"repeat","background-position":"center center","background-size":"auto","background-attachment":"scroll","background-type":"","background-media":"","overlay-type":"","overlay-color":"","overlay-opacity":"","overlay-gradient":""},"tablet":{"background-color":"var(--ast-global-color-5)","background-image":"","background-repeat":"repeat","background-position":"center center","background-size":"auto","background-attachment":"scroll","background-type":"","background-media":"","overlay-type":"","overlay-color":"","overlay-opacity":"","overlay-gradient":""},"mobile":{"background-color":"var(--ast-global-color-5)","background-image":"","background-repeat":"repeat","background-position":"center center","background-size":"auto","background-attachment":"scroll","background-type":"","background-media":"","overlay-type":"","overlay-color":"","overlay-opacity":"","overlay-gradient":""}},"footnotes":""},"class_list":["post-460","page","type-page","status-publish","hentry"],"acf":[],"yoast_head":"<!-- This site is optimized with the Yoast SEO plugin v27.1.1 - https:\/\/yoast.com\/product\/yoast-seo-wordpress\/ -->\n<title>J\u00f3venes - Batzen<\/title>\n<meta name=\"description\" content=\"El camino entre las personas que se encuentran en la Red de Protecci\u00f3n e Inclusi\u00f3n de la Diputaci\u00f3n Foral de Gipuzkoa y Empresas de Acogida.\" \/>\n<meta name=\"robots\" content=\"index, follow, max-snippet:-1, max-image-preview:large, max-video-preview:-1\" \/>\n<link rel=\"canonical\" href=\"https:\/\/batzen.eus\/es\/jovenes\/\" \/>\n<meta property=\"og:locale\" content=\"es_ES\" \/>\n<meta property=\"og:type\" content=\"article\" \/>\n<meta property=\"og:title\" content=\"J\u00f3venes - Batzen\" \/>\n<meta property=\"og:description\" content=\"El camino entre las personas que se encuentran en la Red de Protecci\u00f3n e Inclusi\u00f3n de la Diputaci\u00f3n Foral de Gipuzkoa y Empresas de Acogida.\" \/>\n<meta property=\"og:url\" content=\"https:\/\/batzen.eus\/es\/jovenes\/\" \/>\n<meta property=\"og:site_name\" content=\"Batzen\" \/>\n<meta property=\"article:modified_time\" content=\"2025-12-03T14:08:00+00:00\" \/>\n<meta property=\"og:image\" content=\"https:\/\/batzen.eus\/wp-content\/uploads\/2021\/10\/batzen-harrera-enpresak-16-18.jpg\" \/>\n<meta name=\"twitter:card\" content=\"summary_large_image\" \/>\n<meta name=\"twitter:label1\" content=\"Tiempo de lectura\" \/>\n\t<meta name=\"twitter:data1\" content=\"2 minutos\" \/>\n<script type=\"application\/ld+json\" class=\"yoast-schema-graph\">{\"@context\":\"https:\/\/schema.org\",\"@graph\":[{\"@type\":\"WebPage\",\"@id\":\"https:\/\/batzen.eus\/es\/jovenes\/\",\"url\":\"https:\/\/batzen.eus\/es\/jovenes\/\",\"name\":\"J\u00f3venes - Batzen\",\"isPartOf\":{\"@id\":\"https:\/\/batzen.eus\/es\/#website\"},\"primaryImageOfPage\":{\"@id\":\"https:\/\/batzen.eus\/es\/jovenes\/#primaryimage\"},\"image\":{\"@id\":\"https:\/\/batzen.eus\/es\/jovenes\/#primaryimage\"},\"thumbnailUrl\":\"https:\/\/batzen.eus\/wp-content\/uploads\/2021\/10\/batzen-harrera-enpresak-16-18.jpg\",\"datePublished\":\"2021-10-08T14:14:16+00:00\",\"dateModified\":\"2025-12-03T14:08:00+00:00\",\"description\":\"El camino entre las personas que se encuentran en la Red de Protecci\u00f3n e Inclusi\u00f3n de la Diputaci\u00f3n Foral de Gipuzkoa y Empresas de Acogida.\",\"breadcrumb\":{\"@id\":\"https:\/\/batzen.eus\/es\/jovenes\/#breadcrumb\"},\"inLanguage\":\"es\",\"potentialAction\":[{\"@type\":\"ReadAction\",\"target\":[\"https:\/\/batzen.eus\/es\/jovenes\/\"]}]},{\"@type\":\"ImageObject\",\"inLanguage\":\"es\",\"@id\":\"https:\/\/batzen.eus\/es\/jovenes\/#primaryimage\",\"url\":\"https:\/\/batzen.eus\/wp-content\/uploads\/2021\/10\/batzen-harrera-enpresak-16-18.jpg\",\"contentUrl\":\"https:\/\/batzen.eus\/wp-content\/uploads\/2021\/10\/batzen-harrera-enpresak-16-18.jpg\"},{\"@type\":\"BreadcrumbList\",\"@id\":\"https:\/\/batzen.eus\/es\/jovenes\/#breadcrumb\",\"itemListElement\":[{\"@type\":\"ListItem\",\"position\":1,\"name\":\"Home\",\"item\":\"https:\/\/batzen.eus\/es\/\"},{\"@type\":\"ListItem\",\"position\":2,\"name\":\"J\u00f3venes\"}]},{\"@type\":\"WebSite\",\"@id\":\"https:\/\/batzen.eus\/es\/#website\",\"url\":\"https:\/\/batzen.eus\/es\/\",\"name\":\"Batzen\",\"description\":\"Gazteak Enpleguratzeko Harrera Sistema\",\"publisher\":{\"@id\":\"https:\/\/batzen.eus\/es\/#organization\"},\"potentialAction\":[{\"@type\":\"SearchAction\",\"target\":{\"@type\":\"EntryPoint\",\"urlTemplate\":\"https:\/\/batzen.eus\/es\/?s={search_term_string}\"},\"query-input\":{\"@type\":\"PropertyValueSpecification\",\"valueRequired\":true,\"valueName\":\"search_term_string\"}}],\"inLanguage\":\"es\"},{\"@type\":\"Organization\",\"@id\":\"https:\/\/batzen.eus\/es\/#organization\",\"name\":\"Batzen\",\"url\":\"https:\/\/batzen.eus\/es\/\",\"logo\":{\"@type\":\"ImageObject\",\"inLanguage\":\"es\",\"@id\":\"https:\/\/batzen.eus\/es\/#\/schema\/logo\/image\/\",\"url\":\"https:\/\/batzen.eus\/wp-content\/uploads\/2021\/09\/Batzen-H-testuarekin-Kolore.png\",\"contentUrl\":\"https:\/\/batzen.eus\/wp-content\/uploads\/2021\/09\/Batzen-H-testuarekin-Kolore.png\",\"width\":1134,\"height\":386,\"caption\":\"Batzen\"},\"image\":{\"@id\":\"https:\/\/batzen.eus\/es\/#\/schema\/logo\/image\/\"}}]}<\/script>\n<!-- \/ Yoast SEO plugin. -->","yoast_head_json":{"title":"J\u00f3venes - Batzen","description":"El camino entre las personas que se encuentran en la Red de Protecci\u00f3n e Inclusi\u00f3n de la Diputaci\u00f3n Foral de Gipuzkoa y Empresas de Acogida.","robots":{"index":"index","follow":"follow","max-snippet":"max-snippet:-1","max-image-preview":"max-image-preview:large","max-video-preview":"max-video-preview:-1"},"canonical":"https:\/\/batzen.eus\/es\/jovenes\/","og_locale":"es_ES","og_type":"article","og_title":"J\u00f3venes - Batzen","og_description":"El camino entre las personas que se encuentran en la Red de Protecci\u00f3n e Inclusi\u00f3n de la Diputaci\u00f3n Foral de Gipuzkoa y Empresas de Acogida.","og_url":"https:\/\/batzen.eus\/es\/jovenes\/","og_site_name":"Batzen","article_modified_time":"2025-12-03T14:08:00+00:00","og_image":[{"url":"https:\/\/batzen.eus\/wp-content\/uploads\/2021\/10\/batzen-harrera-enpresak-16-18.jpg","type":"","width":"","height":""}],"twitter_card":"summary_large_image","twitter_misc":{"Tiempo de lectura":"2 minutos"},"schema":{"@context":"https:\/\/schema.org","@graph":[{"@type":"WebPage","@id":"https:\/\/batzen.eus\/es\/jovenes\/","url":"https:\/\/batzen.eus\/es\/jovenes\/","name":"J\u00f3venes - Batzen","isPartOf":{"@id":"https:\/\/batzen.eus\/es\/#website"},"primaryImageOfPage":{"@id":"https:\/\/batzen.eus\/es\/jovenes\/#primaryimage"},"image":{"@id":"https:\/\/batzen.eus\/es\/jovenes\/#primaryimage"},"thumbnailUrl":"https:\/\/batzen.eus\/wp-content\/uploads\/2021\/10\/batzen-harrera-enpresak-16-18.jpg","datePublished":"2021-10-08T14:14:16+00:00","dateModified":"2025-12-03T14:08:00+00:00","description":"El camino entre las personas que se encuentran en la Red de Protecci\u00f3n e Inclusi\u00f3n de la Diputaci\u00f3n Foral de Gipuzkoa y Empresas de Acogida.","breadcrumb":{"@id":"https:\/\/batzen.eus\/es\/jovenes\/#breadcrumb"},"inLanguage":"es","potentialAction":[{"@type":"ReadAction","target":["https:\/\/batzen.eus\/es\/jovenes\/"]}]},{"@type":"ImageObject","inLanguage":"es","@id":"https:\/\/batzen.eus\/es\/jovenes\/#primaryimage","url":"https:\/\/batzen.eus\/wp-content\/uploads\/2021\/10\/batzen-harrera-enpresak-16-18.jpg","contentUrl":"https:\/\/batzen.eus\/wp-content\/uploads\/2021\/10\/batzen-harrera-enpresak-16-18.jpg"},{"@type":"BreadcrumbList","@id":"https:\/\/batzen.eus\/es\/jovenes\/#breadcrumb","itemListElement":[{"@type":"ListItem","position":1,"name":"Home","item":"https:\/\/batzen.eus\/es\/"},{"@type":"ListItem","position":2,"name":"J\u00f3venes"}]},{"@type":"WebSite","@id":"https:\/\/batzen.eus\/es\/#website","url":"https:\/\/batzen.eus\/es\/","name":"Batzen","description":"Gazteak Enpleguratzeko Harrera Sistema","publisher":{"@id":"https:\/\/batzen.eus\/es\/#organization"},"potentialAction":[{"@type":"SearchAction","target":{"@type":"EntryPoint","urlTemplate":"https:\/\/batzen.eus\/es\/?s={search_term_string}"},"query-input":{"@type":"PropertyValueSpecification","valueRequired":true,"valueName":"search_term_string"}}],"inLanguage":"es"},{"@type":"Organization","@id":"https:\/\/batzen.eus\/es\/#organization","name":"Batzen","url":"https:\/\/batzen.eus\/es\/","logo":{"@type":"ImageObject","inLanguage":"es","@id":"https:\/\/batzen.eus\/es\/#\/schema\/logo\/image\/","url":"https:\/\/batzen.eus\/wp-content\/uploads\/2021\/09\/Batzen-H-testuarekin-Kolore.png","contentUrl":"https:\/\/batzen.eus\/wp-content\/uploads\/2021\/09\/Batzen-H-testuarekin-Kolore.png","width":1134,"height":386,"caption":"Batzen"},"image":{"@id":"https:\/\/batzen.eus\/es\/#\/schema\/logo\/image\/"}}]}},"_links":{"self":[{"href":"https:\/\/batzen.eus\/es\/wp-json\/wp\/v2\/pages\/460","targetHints":{"allow":["GET"]}}],"collection":[{"href":"https:\/\/batzen.eus\/es\/wp-json\/wp\/v2\/pages"}],"about":[{"href":"https:\/\/batzen.eus\/es\/wp-json\/wp\/v2\/types\/page"}],"author":[{"embeddable":true,"href":"https:\/\/batzen.eus\/es\/wp-json\/wp\/v2\/users\/1"}],"replies":[{"embeddable":true,"href":"https:\/\/batzen.eus\/es\/wp-json\/wp\/v2\/comments?post=460"}],"version-history":[{"count":17,"href":"https:\/\/batzen.eus\/es\/wp-json\/wp\/v2\/pages\/460\/revisions"}],"predecessor-version":[{"id":2164,"href":"https:\/\/batzen.eus\/es\/wp-json\/wp\/v2\/pages\/460\/revisions\/2164"}],"wp:attachment":[{"href":"https:\/\/batzen.eus\/es\/wp-json\/wp\/v2\/media?parent=460"}],"curies":[{"name":"wp","href":"https:\/\/api.w.org\/{rel}","templated":true}]}}