{"id":433,"date":"2021-10-14T23:06:51","date_gmt":"2021-10-14T21:06:51","guid":{"rendered":"https:\/\/batzen.eus\/politica-de-cookies\/"},"modified":"2025-10-01T14:19:07","modified_gmt":"2025-10-01T12:19:07","slug":"politica-de-cookies","status":"publish","type":"page","link":"https:\/\/batzen.eus\/es\/politica-de-cookies\/","title":{"rendered":"Pol\u00edtica de cookies"},"content":{"rendered":"<p>Este sitio web utiliza cookies para medir y analizar la navegaci\u00f3n de las personas usuarias.<\/p>\n<p>Las cookies son peque\u00f1os ficheros de informaci\u00f3n que permiten comparar y entender c\u00f3mo navegas a trav\u00e9s de este sitio web. Gracias a ellas, se recuerdan tus preferencias para que cuando visites este sitio web de nuevo, obtengas una mejor experiencia online. En ning\u00fan caso las cookies almacenan dato personal alguno, ni ning\u00fan tipo de informaci\u00f3n que pueda identificarte.<\/p>\n<p>Si aceptas expresamente nuestra pol\u00edtica de cookies en la fase de registro y\/o contin\u00faas en la navegando por distintas p\u00e1ginas del sitio web, utilizando la barra de desplazamiento, o accediendo a diferentes \u00e1reas y men\u00fas, de esa acci\u00f3n se inferir\u00e1 que aceptas la instalaci\u00f3n y uso de las cookies.<\/p>\n<p><b>Este sitio web utiliza los siguientes tipos de cookies:<\/b><\/p>\n<ul>\n<li><b>Cookies propias<\/b>\n<ol>\n<li><b>Sesi\u00f3n<br \/>\n<\/b>Son necesarias para el correcto uso del sitio web, como para la sesi\u00f3n de las personas usuarias, o para navegar de forma ininterrumpida recordando opciones de idioma o pa\u00eds. Se utilizan para identificar a la persona usuaria, si fuese necesario acceder a un \u00e1rea de registro. Sin estas cookies, muchos de los servicios disponibles no estar\u00edan operativos. Dichas cookies caducan cuando se cierra el navegador o pasado un mes.<\/li>\n<li><b>T\u00e9cnicas<br \/>\n<\/b>Estas tratan informaci\u00f3n gen\u00e9rica y an\u00f3nima, donde no se incluyen datos personales, s\u00f3lo recuerdan la p\u00e1gina de la que proviene la persona usuaria. Su objetivo principal es la mejora del funcionamiento del sitio web.<\/li>\n<\/ol>\n<\/li>\n<li><b>Cookies de terceros<\/b>\n<ol>\n<li><b>Anal\u00edticas<br \/>\n<\/b>Estas cookies permiten analizar y medir las propiedades y funcionalidades de este sitio web y proceder a su medici\u00f3n con finalidades de mejora.M\u00e1s informaci\u00f3n:<\/p>\n<ul>\n<li><a href=\"https:\/\/developers.google.com\/analytics\/devguides\/collection\/analyticsjs\/cookie-usage\" target=\"_blank\" rel=\"noopener\">Google Analytics<\/a><\/li>\n<\/ul>\n<\/li>\n<\/ol>\n<\/li>\n<\/ul>\n<p><b>Gesti\u00f3n de las cookies:<\/b><\/p>\n<p>Para permitir, conocer, bloquear o eliminar las cookies instaladas en tu equipo puedes hacerlo mediante la configuraci\u00f3n de las opciones del navegador instalado en tu ordenador.<\/p>\n<p>Puedes encontrar la informaci\u00f3n sobre c\u00f3mo hacerlo en los siguientes enlaces:<\/p>\n<ul>\n<li><a href=\"http:\/\/support.mozilla.org\/es\/products\/firefox\/cookies\" target=\"_blank\" rel=\"noopener\">Si navegas utilizando Firefox<\/a><\/li>\n<li><a href=\"http:\/\/support.google.com\/chrome\/bin\/answer.py?hl=es&amp;answer=95647\" target=\"_blank\" rel=\"noopener\">Chrome erabiliz nabigatzen baduzu<\/a><\/li>\n<li><a href=\"http:\/\/windows.microsoft.com\/es-es\/windows7\/how-to-manage-cookies-in-internet-explorer-9\" target=\"_blank\" rel=\"noopener\">Si navegas utilizando Exporer<\/a><\/li>\n<li><a href=\"http:\/\/support.apple.com\/kb\/ph5042\" target=\"_blank\" rel=\"noopener\">Si navegas utilizando Safari<\/a><\/li>\n<li><a href=\"http:\/\/help.opera.com\/Windows\/11.50\/es-ES\/cookies.html\" target=\"_blank\" rel=\"noopener\">Si navegas utilizando Opera<\/a><\/li>\n<\/ul>\n<p>Te recordamos que el rechazo de la instalaci\u00f3n de las cookies puede afectar al servicio e impedir la correcta utilizaci\u00f3n parcial o total del mismo.<\/p>\n","protected":false},"excerpt":{"rendered":"<p>Este sitio web utiliza cookies para medir y analizar la navegaci\u00f3n de las personas usuarias. Las cookies son peque\u00f1os ficheros de informaci\u00f3n que permiten comparar y entender c\u00f3mo navegas a trav\u00e9s de este sitio web. Gracias a ellas, se recuerdan tus preferencias para que cuando visites este sitio web de nuevo, obtengas una mejor experiencia [&hellip;]<\/p>\n","protected":false},"author":1,"featured_media":0,"parent":0,"menu_order":0,"comment_status":"closed","ping_status":"closed","template":"","meta":{"_acf_changed":false,"site-sidebar-layout":"default","site-content-layout":"default","ast-site-content-layout":"normal-width-container","site-content-style":"default","site-sidebar-style":"default","ast-global-header-display":"","ast-banner-title-visibility":"","ast-main-header-display":"","ast-hfb-above-header-display":"","ast-hfb-below-header-display":"","ast-hfb-mobile-header-display":"","site-post-title":"","ast-breadcrumbs-content":"","ast-featured-img":"","footer-sml-layout":"","ast-disable-related-posts":"","theme-transparent-header-meta":"default","adv-header-id-meta":"","stick-header-meta":"default","header-above-stick-meta":"","header-main-stick-meta":"","header-below-stick-meta":"","astra-migrate-meta-layouts":"set","ast-page-background-enabled":"default","ast-page-background-meta":{"desktop":{"background-color":"","background-image":"","background-repeat":"repeat","background-position":"center center","background-size":"auto","background-attachment":"scroll","background-type":"","background-media":"","overlay-type":"","overlay-color":"","overlay-opacity":"","overlay-gradient":""},"tablet":{"background-color":"","background-image":"","background-repeat":"repeat","background-position":"center center","background-size":"auto","background-attachment":"scroll","background-type":"","background-media":"","overlay-type":"","overlay-color":"","overlay-opacity":"","overlay-gradient":""},"mobile":{"background-color":"","background-image":"","background-repeat":"repeat","background-position":"center center","background-size":"auto","background-attachment":"scroll","background-type":"","background-media":"","overlay-type":"","overlay-color":"","overlay-opacity":"","overlay-gradient":""}},"ast-content-background-meta":{"desktop":{"background-color":"var(--ast-global-color-5)","background-image":"","background-repeat":"repeat","background-position":"center center","background-size":"auto","background-attachment":"scroll","background-type":"","background-media":"","overlay-type":"","overlay-color":"","overlay-opacity":"","overlay-gradient":""},"tablet":{"background-color":"var(--ast-global-color-5)","background-image":"","background-repeat":"repeat","background-position":"center center","background-size":"auto","background-attachment":"scroll","background-type":"","background-media":"","overlay-type":"","overlay-color":"","overlay-opacity":"","overlay-gradient":""},"mobile":{"background-color":"var(--ast-global-color-5)","background-image":"","background-repeat":"repeat","background-position":"center center","background-size":"auto","background-attachment":"scroll","background-type":"","background-media":"","overlay-type":"","overlay-color":"","overlay-opacity":"","overlay-gradient":""}},"footnotes":""},"class_list":["post-433","page","type-page","status-publish","hentry"],"acf":[],"yoast_head":"<!-- This site is optimized with the Yoast SEO plugin v27.1.1 - https:\/\/yoast.com\/product\/yoast-seo-wordpress\/ -->\n<title>Pol\u00edtica de cookies - Batzen<\/title>\n<meta name=\"robots\" content=\"noindex, follow\" \/>\n<meta property=\"og:locale\" content=\"es_ES\" \/>\n<meta property=\"og:type\" content=\"article\" \/>\n<meta property=\"og:title\" content=\"Pol\u00edtica de cookies - Batzen\" \/>\n<meta property=\"og:description\" content=\"Este sitio web utiliza cookies para medir y analizar la navegaci\u00f3n de las personas usuarias. Las cookies son peque\u00f1os ficheros de informaci\u00f3n que permiten comparar y entender c\u00f3mo navegas a trav\u00e9s de este sitio web. Gracias a ellas, se recuerdan tus preferencias para que cuando visites este sitio web de nuevo, obtengas una mejor experiencia [&hellip;]\" \/>\n<meta property=\"og:url\" content=\"https:\/\/batzen.eus\/es\/politica-de-cookies\/\" \/>\n<meta property=\"og:site_name\" content=\"Batzen\" \/>\n<meta property=\"article:modified_time\" content=\"2025-10-01T12:19:07+00:00\" \/>\n<meta name=\"twitter:card\" content=\"summary_large_image\" \/>\n<meta name=\"twitter:label1\" content=\"Tiempo de lectura\" \/>\n\t<meta name=\"twitter:data1\" content=\"2 minutos\" \/>\n<script type=\"application\/ld+json\" class=\"yoast-schema-graph\">{\"@context\":\"https:\/\/schema.org\",\"@graph\":[{\"@type\":\"WebPage\",\"@id\":\"https:\/\/batzen.eus\/es\/politica-de-cookies\/\",\"url\":\"https:\/\/batzen.eus\/es\/politica-de-cookies\/\",\"name\":\"Pol\u00edtica de cookies - Batzen\",\"isPartOf\":{\"@id\":\"https:\/\/batzen.eus\/es\/#website\"},\"datePublished\":\"2021-10-14T21:06:51+00:00\",\"dateModified\":\"2025-10-01T12:19:07+00:00\",\"breadcrumb\":{\"@id\":\"https:\/\/batzen.eus\/es\/politica-de-cookies\/#breadcrumb\"},\"inLanguage\":\"es\",\"potentialAction\":[{\"@type\":\"ReadAction\",\"target\":[\"https:\/\/batzen.eus\/es\/politica-de-cookies\/\"]}]},{\"@type\":\"BreadcrumbList\",\"@id\":\"https:\/\/batzen.eus\/es\/politica-de-cookies\/#breadcrumb\",\"itemListElement\":[{\"@type\":\"ListItem\",\"position\":1,\"name\":\"Home\",\"item\":\"https:\/\/batzen.eus\/es\/\"},{\"@type\":\"ListItem\",\"position\":2,\"name\":\"Pol\u00edtica de cookies\"}]},{\"@type\":\"WebSite\",\"@id\":\"https:\/\/batzen.eus\/es\/#website\",\"url\":\"https:\/\/batzen.eus\/es\/\",\"name\":\"Batzen\",\"description\":\"Gazteak Enpleguratzeko Harrera Sistema\",\"publisher\":{\"@id\":\"https:\/\/batzen.eus\/es\/#organization\"},\"potentialAction\":[{\"@type\":\"SearchAction\",\"target\":{\"@type\":\"EntryPoint\",\"urlTemplate\":\"https:\/\/batzen.eus\/es\/?s={search_term_string}\"},\"query-input\":{\"@type\":\"PropertyValueSpecification\",\"valueRequired\":true,\"valueName\":\"search_term_string\"}}],\"inLanguage\":\"es\"},{\"@type\":\"Organization\",\"@id\":\"https:\/\/batzen.eus\/es\/#organization\",\"name\":\"Batzen\",\"url\":\"https:\/\/batzen.eus\/es\/\",\"logo\":{\"@type\":\"ImageObject\",\"inLanguage\":\"es\",\"@id\":\"https:\/\/batzen.eus\/es\/#\/schema\/logo\/image\/\",\"url\":\"https:\/\/batzen.eus\/wp-content\/uploads\/2021\/09\/Batzen-H-testuarekin-Kolore.png\",\"contentUrl\":\"https:\/\/batzen.eus\/wp-content\/uploads\/2021\/09\/Batzen-H-testuarekin-Kolore.png\",\"width\":1134,\"height\":386,\"caption\":\"Batzen\"},\"image\":{\"@id\":\"https:\/\/batzen.eus\/es\/#\/schema\/logo\/image\/\"}}]}<\/script>\n<!-- \/ Yoast SEO plugin. -->","yoast_head_json":{"title":"Pol\u00edtica de cookies - Batzen","robots":{"index":"noindex","follow":"follow"},"og_locale":"es_ES","og_type":"article","og_title":"Pol\u00edtica de cookies - Batzen","og_description":"Este sitio web utiliza cookies para medir y analizar la navegaci\u00f3n de las personas usuarias. Las cookies son peque\u00f1os ficheros de informaci\u00f3n que permiten comparar y entender c\u00f3mo navegas a trav\u00e9s de este sitio web. Gracias a ellas, se recuerdan tus preferencias para que cuando visites este sitio web de nuevo, obtengas una mejor experiencia [&hellip;]","og_url":"https:\/\/batzen.eus\/es\/politica-de-cookies\/","og_site_name":"Batzen","article_modified_time":"2025-10-01T12:19:07+00:00","twitter_card":"summary_large_image","twitter_misc":{"Tiempo de lectura":"2 minutos"},"schema":{"@context":"https:\/\/schema.org","@graph":[{"@type":"WebPage","@id":"https:\/\/batzen.eus\/es\/politica-de-cookies\/","url":"https:\/\/batzen.eus\/es\/politica-de-cookies\/","name":"Pol\u00edtica de cookies - Batzen","isPartOf":{"@id":"https:\/\/batzen.eus\/es\/#website"},"datePublished":"2021-10-14T21:06:51+00:00","dateModified":"2025-10-01T12:19:07+00:00","breadcrumb":{"@id":"https:\/\/batzen.eus\/es\/politica-de-cookies\/#breadcrumb"},"inLanguage":"es","potentialAction":[{"@type":"ReadAction","target":["https:\/\/batzen.eus\/es\/politica-de-cookies\/"]}]},{"@type":"BreadcrumbList","@id":"https:\/\/batzen.eus\/es\/politica-de-cookies\/#breadcrumb","itemListElement":[{"@type":"ListItem","position":1,"name":"Home","item":"https:\/\/batzen.eus\/es\/"},{"@type":"ListItem","position":2,"name":"Pol\u00edtica de cookies"}]},{"@type":"WebSite","@id":"https:\/\/batzen.eus\/es\/#website","url":"https:\/\/batzen.eus\/es\/","name":"Batzen","description":"Gazteak Enpleguratzeko Harrera Sistema","publisher":{"@id":"https:\/\/batzen.eus\/es\/#organization"},"potentialAction":[{"@type":"SearchAction","target":{"@type":"EntryPoint","urlTemplate":"https:\/\/batzen.eus\/es\/?s={search_term_string}"},"query-input":{"@type":"PropertyValueSpecification","valueRequired":true,"valueName":"search_term_string"}}],"inLanguage":"es"},{"@type":"Organization","@id":"https:\/\/batzen.eus\/es\/#organization","name":"Batzen","url":"https:\/\/batzen.eus\/es\/","logo":{"@type":"ImageObject","inLanguage":"es","@id":"https:\/\/batzen.eus\/es\/#\/schema\/logo\/image\/","url":"https:\/\/batzen.eus\/wp-content\/uploads\/2021\/09\/Batzen-H-testuarekin-Kolore.png","contentUrl":"https:\/\/batzen.eus\/wp-content\/uploads\/2021\/09\/Batzen-H-testuarekin-Kolore.png","width":1134,"height":386,"caption":"Batzen"},"image":{"@id":"https:\/\/batzen.eus\/es\/#\/schema\/logo\/image\/"}}]}},"_links":{"self":[{"href":"https:\/\/batzen.eus\/es\/wp-json\/wp\/v2\/pages\/433","targetHints":{"allow":["GET"]}}],"collection":[{"href":"https:\/\/batzen.eus\/es\/wp-json\/wp\/v2\/pages"}],"about":[{"href":"https:\/\/batzen.eus\/es\/wp-json\/wp\/v2\/types\/page"}],"author":[{"embeddable":true,"href":"https:\/\/batzen.eus\/es\/wp-json\/wp\/v2\/users\/1"}],"replies":[{"embeddable":true,"href":"https:\/\/batzen.eus\/es\/wp-json\/wp\/v2\/comments?post=433"}],"version-history":[{"count":3,"href":"https:\/\/batzen.eus\/es\/wp-json\/wp\/v2\/pages\/433\/revisions"}],"predecessor-version":[{"id":1797,"href":"https:\/\/batzen.eus\/es\/wp-json\/wp\/v2\/pages\/433\/revisions\/1797"}],"wp:attachment":[{"href":"https:\/\/batzen.eus\/es\/wp-json\/wp\/v2\/media?parent=433"}],"curies":[{"name":"wp","href":"https:\/\/api.w.org\/{rel}","templated":true}]}}