{"id":431,"date":"2021-10-14T23:06:51","date_gmt":"2021-10-14T21:06:51","guid":{"rendered":"https:\/\/batzen.eus\/politica-de-privacidad\/"},"modified":"2025-11-27T16:15:02","modified_gmt":"2025-11-27T15:15:02","slug":"politica-de-privacidad","status":"publish","type":"page","link":"https:\/\/batzen.eus\/es\/politica-de-privacidad\/","title":{"rendered":"Pol\u00edtica de privacidad"},"content":{"rendered":"<p lang=\"eu-ES\" align=\"justify\">Bienvenido\/a la Pol\u00edtica de Privacidad de Asociaci\u00f3n Cooperativa Zabalduz. En este documento encontrar\u00e1 informaci\u00f3n de su inter\u00e9s en relaci\u00f3n a c\u00f3mo Asociaci\u00f3n Cooperativa Zabalduz trata sus datos personales y los derechos que le asisten en virtud del Reglamento (UE) 2016\/679 del Parlamento Europeo y del Consejo, de 27 de abril de 2016, relativo a la protecci\u00f3n de las personas f\u00edsicas en lo que respecta al tratamiento de datos personales y a la libre circulaci\u00f3n de estos datos (RGPD) y la Ley Org\u00e1nica 3\/2018 de 5 de diciembre, de Protecci\u00f3n de Datos Personales y Garant\u00eda de los Derechos Digitales (LOPDGDD).<\/p>\n<h2 lang=\"eu-ES\" align=\"justify\"><span lang=\"es-ES\">IDENTIDAD Y DATOS DE CONTACTO DEL RESPONSABLE<\/span><\/h2>\n<p lang=\"eu-ES\" align=\"justify\">Responsable: Asociaci\u00f3n Cooperativa Zabalduz<br \/>\nCIF F75108126<br \/>\nDomicilio: <span lang=\"it-IT\">Pol\u00edgono Ibaiondo 27. Edificio Orbegozo 4\u00aa. <\/span><span lang=\"es-ES\">20120 Hernani (GIPUZKOA)<\/span><\/p>\n<p lang=\"eu-ES\">Puede contactar con Asociaci\u00f3n Cooperativa Zabalduz a trav\u00e9s de los siguientes canales:<\/p>\n<ul>\n<li lang=\"eu-ES\">De forma presencial o mediante correo postal dirigido al domicilio anteriormente mencionado.<\/li>\n<li lang=\"eu-ES\"><span lang=\"es-ES\">Mediante correo electr\u00f3nico dirigido a\u00a0<\/span><a href=\"mailto:pribatutasun@grupobogan.com\"><span lang=\"es-ES\">pribatutasun@grupobogan.com<\/span><\/a> <span lang=\"es-ES\">o contactando con el Delegado de Protecci\u00f3n de Datos a trav\u00e9s del mismo canal habilitado a tal efecto. <\/span><\/li>\n<\/ul>\n<h2 lang=\"eu-ES\" align=\"justify\">TRATAMIENTOS DE DATOS PERSONALES<\/h2>\n<h3 lang=\"eu-ES\" align=\"justify\">1. Gesti\u00f3n de formularios de contacto<\/h3>\n<p lang=\"eu-ES\">Asociaci\u00f3n Cooperativa Zabalduz <span lang=\"es-ES\">tratar\u00e1 sus datos con el fin de <\/span>atender y gestionar su solicitud de informaci\u00f3n<\/p>\n<p lang=\"eu-ES\">Base jur\u00eddica: La base que legitima el tratamiento es su consentimiento al rellenar el formulario de solicitud de informacion.<\/p>\n<p lang=\"eu-ES\">Plazo de conservaci\u00f3n: Sus datos se se conservar\u00e1n durante el tiempo necesario para atender su solicitud.<\/p>\n<p lang=\"eu-ES\">Destinatarios: No se comunicar\u00e1n datos a terceros salvo obligaci\u00f3n legal.<\/p>\n<p lang=\"eu-ES\">Derechos: Podr\u00e1 ejercer sus derechos en materia de protecci\u00f3n de datos tal y como se indica en el apartado \u201cEjercicio de Derechos\u201d de la presente Pol\u00edtica de Privacidad.<\/p>\n<h3 lang=\"eu-ES\" align=\"justify\">2. Gesti\u00f3n de la solicitud de colaboraci\u00f3n como empresa de acogida<\/h3>\n<p lang=\"eu-ES\" align=\"justify\">Asociaci\u00f3n Cooperativa Zabalduz <span lang=\"es-ES\">tratar\u00e1 sus datos con el fin de<\/span> gestionar la colaboraci\u00f3n con su empresa en el marco de los programas y acciones de inclusi\u00f3n sociolaboral.<\/p>\n<p lang=\"eu-ES\" align=\"justify\">Base jur\u00eddica: La base que legitima el tratamiento es el cumplimiento de las obligaciones derivadas del acuerdo de colaboraci\u00f3n y el inter\u00e9s leg\u00edtimo en relaci\u00f3n con el art\u00edculo 19 de la LOPDGDD.<\/p>\n<p lang=\"eu-ES\" align=\"justify\">Plazo de conservaci\u00f3n: Los datos ser\u00e1n conservados mientras se mantenga la relaci\u00f3n de colaboraci\u00f3n o no se solicite su supresi\u00f3n, y, en todo caso, durante los plazos necesarios para cumplir con las obligaciones legales aplicables.<\/p>\n<p lang=\"eu-ES\" align=\"justify\">Destinatarios: Cuando las Administraciones P\u00fablicas, los Juzgados y los Tribunales soliciten informaci\u00f3n de las autoridades gubernamentales, por ejemplo, de los cuerpos de seguridad, jueces y\/o tribunales del Estado, o si fuera necesario para el cumplimiento de alguna ley, la Asociaci\u00f3n Cooperativa Zabalduz comunicar\u00e1 a estos terceros los datos que legalmente soliciten.<\/p>\n<p lang=\"eu-ES\" align=\"justify\">Derechos: Podr\u00e1 ejercer sus derechos en materia de protecci\u00f3n de datos tal y como se indica en el apartado \u201cEjercicio de Derechos\u201d de la presente Pol\u00edtica de Privacidad.<\/p>\n<h3>3. Gesti\u00f3n del programa Batzen<\/h3>\n<p lang=\"eu-ES\" align=\"justify\">Asociaci\u00f3n Cooperativa Zabalduz <span lang=\"es-ES\">tratar\u00e1 sus datos con la finalidad <\/span> <span lang=\"es-ES\">de dise\u00f1ar, desarrollar y hacer seguimiento de el itinerario sociolaboral personalizado, as\u00ed como de gestionar las diferentes acciones de activaci\u00f3n, intermediaci\u00f3n y acompa\u00f1amiento laboral y en su caso la solicitud de baja. <\/span><\/p>\n<p lang=\"eu-ES\" align=\"justify\">Base jur\u00eddica: <span lang=\"es-ES\">La base jur\u00eddica del tratamiento es el cumplimiento de las obligaciones derivadas de la adhesi\u00f3n al programa. Asimismo, y en caso de que nos otorgue la entidad<\/span> <span lang=\"es-ES\">podr\u00e1 remitir su CV a empresas colaboradoras con ofertas de empleo, siempre garantizando que dichas empresas no compartir\u00e1n dicha informaci\u00f3n con otros agentes sin su autorizaci\u00f3n expresa ni la del programa. Adem\u00e1s, en caso de que nos autorice podremos captar su imagen y utilizarla con fines divulgativos y promocionales en nuestros canales institucionales. <\/span><\/p>\n<p lang=\"eu-ES\" align=\"justify\">Plazo de conservaci\u00f3n: <span lang=\"es-ES\">Los datos se conservar\u00e1n durante la vigencia de su participaci\u00f3n en el programa y, una vez finalizada, durante el plazo de tiempo necesario para atender las posibles responsabilidades legales. En lo que respecta a la imagen, \u00e9sta ser\u00e1 conservada mientras sea necesaria para la finalidad para la que fue recabada. Una vez deje de ser \u00fatil o si el interesado revoca su consentimiento, ser\u00e1 suprimida, salvo que su conservaci\u00f3n sea necesaria por una obligaci\u00f3n legal o para el ejercicio o defensa de reclamaciones.<\/span><\/p>\n<p lang=\"eu-ES\" align=\"justify\">Destinatarios: Cuando las Administraciones P\u00fablicas, los Juzgados y los Tribunales soliciten informaci\u00f3n de las autoridades gubernamentales, por ejemplo, de los cuerpos de seguridad, jueces y\/o tribunales del Estado, o si fuera necesario para el cumplimiento de alguna ley, la Asociaci\u00f3n Cooperativa Zabalduz comunicar\u00e1 a estos terceros los datos que legalmente soliciten.<\/p>\n<p lang=\"eu-ES\" align=\"justify\">Derechos: Podr\u00e1 ejercer sus derechos en materia de protecci\u00f3n de datos tal y como se indica en el apartado \u201cEjercicio de Derechos\u201d de la presente Pol\u00edtica de Privacidad.<\/p>\n<h3 lang=\"eu-ES\" align=\"justify\"><span lang=\"es-ES-u-co-trad\">4. Uso de cookies<\/span><\/h3>\n<p lang=\"eu-ES\" align=\"justify\">Asociaci\u00f3n Cooperativa Zabalduz <span lang=\"es-ES\">utiliza<\/span><span lang=\"es-ES-u-co-trad\"> cookies propias y de terceros con finalidades t\u00e9cnicas, estad\u00edsticas y, en su caso, anal\u00edticas, conforme a la pol\u00edtica de cookies disponible en el siguiente enlace: <a href=\"https:\/\/batzen.eus\/es\/politica-de-cookies\/\">https:\/\/batzen.eus\/es\/politica-de-cookies\/<\/a>\u00a0<\/span><\/p>\n<p lang=\"eu-ES\" align=\"justify\"><span lang=\"es-ES-u-co-trad\">Base jur\u00eddica: La base que legitima el tratamiento el consentimiento del usuario, salvo en el caso de cookies estrictamente necesarias para el funcionamiento del sitio. <\/span><\/p>\n<p lang=\"eu-ES\" align=\"justify\"><span lang=\"es-ES-u-co-trad\">Plazo de conservaci\u00f3n: Sus datos se conservar\u00e1n durante el plazo de tiempo establecido en la pol\u00edtica de cookies. En todo caso, el usuario puede revocar su consentimiento en cualquier momento a trav\u00e9s del panel de configuraci\u00f3n de cookies.<\/span><\/p>\n<p lang=\"eu-ES\" align=\"justify\"><span lang=\"es-ES-u-co-trad\">Destinatarios: No se comunicar\u00e1n datos a terceros salvo obligaci\u00f3n legal. <\/span><\/p>\n<p lang=\"eu-ES\" align=\"justify\"><span lang=\"es-ES-u-co-trad\">Derechos: Podr\u00e1 ejercer sus derechos en materia de protecci\u00f3n de datos tal y como se indica en el apartado \u201cEjercicio de Derechos\u201d de la presente Pol\u00edtica de Privacidad. <\/span><\/p>\n<h2 lang=\"eu-ES\" align=\"justify\">EJERCICIO DE DERECHOS<\/h2>\n<p lang=\"eu-ES\" align=\"justify\">Le informamos de que podr\u00e1 ejercer los siguientes derechos:<\/p>\n<ol>\n<li lang=\"eu-ES\">Derecho de acceso a sus datos personales para saber cu\u00e1les est\u00e1n siendo objeto de tratamiento;<\/li>\n<li lang=\"eu-ES\">Derecho de rectificaci\u00f3n de cualquier dato personal inexacto;<\/li>\n<li lang=\"eu-ES\">Derecho de supresi\u00f3n de sus datos personales, cuando esto sea posible;<\/li>\n<li lang=\"eu-ES\">Derecho a solicitar la limitaci\u00f3n del tratamiento de sus datos personales cuando la exactitud, la legalidad o la necesidad del tratamiento de los datos resulte dudosa, en cuyo caso, podremos conservar los datos para el ejercicio o la defensa de reclamaciones.<\/li>\n<li lang=\"eu-ES\">Derecho de oposici\u00f3n al tratamiento de sus datos personales, cuando la base legal que nos habilite para su tratamiento sea el inter\u00e9s leg\u00edtimo. Asociaci\u00f3n Cooperativa Zabalduz dejar\u00e1 de tratar sus datos salvo que tenga un inter\u00e9s leg\u00edtimo imperioso o para la formulaci\u00f3n, el ejercicio o la defensa de reclamaciones.<\/li>\n<li lang=\"eu-ES\">Derecho a la portabilidad de sus datos, cuando la base legal que nos habilite para su tratamiento de las indicadas sea su consentimiento.<\/li>\n<\/ol>\n<p lang=\"eu-ES\" align=\"justify\">Dichos derechos podr\u00e1n ser ejercitados gratuitamente por el interesado, y en su caso quien lo represente, mediante solicitud escrita dirigida a <a href=\"mailto:pribatutasun@grupobogan.com\"><span lang=\"es-ES\">pribatutasun@grupobogan.com<\/span><\/a>.<\/p>\n<p lang=\"eu-ES\" align=\"justify\">Adem\u00e1s de los anteriores derechos, el interesado tendr\u00e1 derecho a retirar el consentimiento otorgado en cualquier momento sin que dicha retirada de consentimiento afecte a la licitud del tratamiento anterior a la retirada del mismo. Asociaci\u00f3n Cooperativa Zabalduz podr\u00e1 continuar tratando los datos del interesado en la medida en que la ley aplicable lo permita.<\/p>\n<p lang=\"eu-ES\" align=\"justify\">Asociaci\u00f3n Cooperativa Zabalduz recuerda al interesado que tiene derecho a presentar una reclamaci\u00f3n ante la Agencia Espa\u00f1ola de Protecci\u00f3n de Datos si consideras que se ha cometido una infracci\u00f3n de la legislaci\u00f3n en materia de protecci\u00f3n de datos respecto al tratamiento de tus datos personales.<\/p>\n<h2 lang=\"eu-ES\" align=\"justify\">\u00bfQU\u00c9 MEDIDAS DE SEGURIDAD TENEMOS IMPLEMENTADAS?<\/h2>\n<p lang=\"eu-ES\" align=\"justify\">Asociaci\u00f3n Cooperativa Zabalduz <span lang=\"es-ES\">se compromete al cumplimiento de su obligaci\u00f3n de secreto de los datos de car\u00e1cter personal y de su deber de guardarlos, y adoptar\u00e1 las medidas necesarias para evitar su alteraci\u00f3n, p\u00e9rdida, tratamiento o acceso no autorizado, de acuerdo con lo establecido por normativa aplicable.<\/span><\/p>\n<p lang=\"eu-ES\" align=\"justify\">Asociaci\u00f3n Cooperativa Zabalduz <span lang=\"es-ES\">tiene implementadas las medidas de seguridad de \u00edndole t\u00e9cnica y organizativas necesarias para garantizar la seguridad de sus datos de car\u00e1cter personal y evitar su alteraci\u00f3n, p\u00e9rdida y tratamiento y\/o acceso no autorizado, habida cuenta del estado de la tecnolog\u00eda, la naturaleza de los datos almacenados y los riesgos a que est\u00e1n expuestos, ya provengan de la acci\u00f3n humana o del medio f\u00edsico o natural, de acuerdo a lo establecido por la normativa aplicable.<\/span><\/p>\n<h2 lang=\"eu-ES\" align=\"justify\">CONFIDENCIALIDAD<\/h2>\n<p lang=\"eu-ES\" align=\"justify\">Los datos personales que podamos recabar a trav\u00e9s del sitio web o por medio de las distintas comunicaciones que mantengamos contigo ser\u00e1n tratados con confidencialidad, comprometi\u00e9ndonos a guardar secreto respecto de estos de acuerdo con lo establecido en la legislaci\u00f3n aplicable.<\/p>\n<h2 lang=\"eu-ES\" align=\"justify\">LINKS A OTROS SITIOS WEB<\/h2>\n<p lang=\"eu-ES\" align=\"justify\"><span lang=\"es-ES\">Esta p\u00e1gina web puede incluir hiperv\u00ednculos a otros sitios que no son operados o controlados por <\/span>Asociaci\u00f3n Cooperativa Zabalduz <span lang=\"es-ES\">. Por ello, <\/span>Asociaci\u00f3n Cooperativa Zabalduz <span lang=\"es-ES\">no garantiza, ni se hace responsable de la licitud, fiabilidad, utilidad, veracidad y actualidad de los contenidos de tales sitios web o de sus pr\u00e1cticas de privacidad. Por favor antes de proporcionar su informaci\u00f3n personal a estos sitios web ajenos a <\/span>Asociaci\u00f3n Cooperativa Zabalduz <span lang=\"es-ES\">tenga en cuenta que su cumplimiento en materia de protecci\u00f3n de datos puede diferir del nuestro.<\/span><\/p>\n<h2 lang=\"eu-ES\" align=\"justify\">ACTUALIZACI\u00d3N DE LA POL\u00cdTICA DE PRIVACIDAD<\/h2>\n<p lang=\"eu-ES\" align=\"justify\"><span lang=\"es-ES\">El contenido de la pol\u00edtica de protecci\u00f3n de datos podr\u00e1 ser objeto de modificaci\u00f3n para adaptarlo a cambios legislativos que puedan producirse, as\u00ed como a criterios y posiciones emitidas por las autoridades de control. En todo caso, cualquier modificaci\u00f3n de la Pol\u00edtica de Privacidad le ser\u00e1 debidamente notificada al Afectado para que, quede informado de los cambios realizados en el tratamiento de sus datos personales y, en caso de que la normativa aplicable as\u00ed lo exija, el Afectado pueda otorgar su consentimiento.<\/span><\/p>\n","protected":false},"excerpt":{"rendered":"<p>Bienvenido\/a la Pol\u00edtica de Privacidad de Asociaci\u00f3n Cooperativa Zabalduz. En este documento encontrar\u00e1 informaci\u00f3n de su inter\u00e9s en relaci\u00f3n a c\u00f3mo Asociaci\u00f3n Cooperativa Zabalduz trata sus datos personales y los derechos que le asisten en virtud del Reglamento (UE) 2016\/679 del Parlamento Europeo y del Consejo, de 27 de abril de 2016, relativo a la [&hellip;]<\/p>\n","protected":false},"author":1,"featured_media":0,"parent":0,"menu_order":0,"comment_status":"closed","ping_status":"closed","template":"","meta":{"_acf_changed":false,"site-sidebar-layout":"default","site-content-layout":"default","ast-site-content-layout":"default","site-content-style":"default","site-sidebar-style":"default","ast-global-header-display":"","ast-banner-title-visibility":"","ast-main-header-display":"","ast-hfb-above-header-display":"","ast-hfb-below-header-display":"","ast-hfb-mobile-header-display":"","site-post-title":"","ast-breadcrumbs-content":"","ast-featured-img":"","footer-sml-layout":"","ast-disable-related-posts":"","theme-transparent-header-meta":"default","adv-header-id-meta":"","stick-header-meta":"default","header-above-stick-meta":"","header-main-stick-meta":"","header-below-stick-meta":"","astra-migrate-meta-layouts":"set","ast-page-background-enabled":"default","ast-page-background-meta":{"desktop":{"background-color":"","background-image":"","background-repeat":"repeat","background-position":"center center","background-size":"auto","background-attachment":"scroll","background-type":"","background-media":"","overlay-type":"","overlay-color":"","overlay-opacity":"","overlay-gradient":""},"tablet":{"background-color":"","background-image":"","background-repeat":"repeat","background-position":"center center","background-size":"auto","background-attachment":"scroll","background-type":"","background-media":"","overlay-type":"","overlay-color":"","overlay-opacity":"","overlay-gradient":""},"mobile":{"background-color":"","background-image":"","background-repeat":"repeat","background-position":"center center","background-size":"auto","background-attachment":"scroll","background-type":"","background-media":"","overlay-type":"","overlay-color":"","overlay-opacity":"","overlay-gradient":""}},"ast-content-background-meta":{"desktop":{"background-color":"var(--ast-global-color-5)","background-image":"","background-repeat":"repeat","background-position":"center center","background-size":"auto","background-attachment":"scroll","background-type":"","background-media":"","overlay-type":"","overlay-color":"","overlay-opacity":"","overlay-gradient":""},"tablet":{"background-color":"var(--ast-global-color-5)","background-image":"","background-repeat":"repeat","background-position":"center center","background-size":"auto","background-attachment":"scroll","background-type":"","background-media":"","overlay-type":"","overlay-color":"","overlay-opacity":"","overlay-gradient":""},"mobile":{"background-color":"var(--ast-global-color-5)","background-image":"","background-repeat":"repeat","background-position":"center center","background-size":"auto","background-attachment":"scroll","background-type":"","background-media":"","overlay-type":"","overlay-color":"","overlay-opacity":"","overlay-gradient":""}},"footnotes":""},"class_list":["post-431","page","type-page","status-publish","hentry"],"acf":[],"yoast_head":"<!-- This site is optimized with the Yoast SEO plugin v27.1.1 - https:\/\/yoast.com\/product\/yoast-seo-wordpress\/ -->\n<title>Pol\u00edtica de privacidad - Batzen<\/title>\n<meta name=\"robots\" content=\"noindex, follow\" \/>\n<meta property=\"og:locale\" content=\"es_ES\" \/>\n<meta property=\"og:type\" content=\"article\" \/>\n<meta property=\"og:title\" content=\"Pol\u00edtica de privacidad - Batzen\" \/>\n<meta property=\"og:description\" content=\"Bienvenido\/a la Pol\u00edtica de Privacidad de Asociaci\u00f3n Cooperativa Zabalduz. En este documento encontrar\u00e1 informaci\u00f3n de su inter\u00e9s en relaci\u00f3n a c\u00f3mo Asociaci\u00f3n Cooperativa Zabalduz trata sus datos personales y los derechos que le asisten en virtud del Reglamento (UE) 2016\/679 del Parlamento Europeo y del Consejo, de 27 de abril de 2016, relativo a la [&hellip;]\" \/>\n<meta property=\"og:url\" content=\"https:\/\/batzen.eus\/es\/politica-de-privacidad\/\" \/>\n<meta property=\"og:site_name\" content=\"Batzen\" \/>\n<meta property=\"article:modified_time\" content=\"2025-11-27T15:15:02+00:00\" \/>\n<meta name=\"twitter:card\" content=\"summary_large_image\" \/>\n<meta name=\"twitter:label1\" content=\"Tiempo de lectura\" \/>\n\t<meta name=\"twitter:data1\" content=\"9 minutos\" \/>\n<script type=\"application\/ld+json\" class=\"yoast-schema-graph\">{\"@context\":\"https:\/\/schema.org\",\"@graph\":[{\"@type\":\"WebPage\",\"@id\":\"https:\/\/batzen.eus\/es\/politica-de-privacidad\/\",\"url\":\"https:\/\/batzen.eus\/es\/politica-de-privacidad\/\",\"name\":\"Pol\u00edtica de privacidad - Batzen\",\"isPartOf\":{\"@id\":\"https:\/\/batzen.eus\/es\/#website\"},\"datePublished\":\"2021-10-14T21:06:51+00:00\",\"dateModified\":\"2025-11-27T15:15:02+00:00\",\"breadcrumb\":{\"@id\":\"https:\/\/batzen.eus\/es\/politica-de-privacidad\/#breadcrumb\"},\"inLanguage\":\"es\",\"potentialAction\":[{\"@type\":\"ReadAction\",\"target\":[\"https:\/\/batzen.eus\/es\/politica-de-privacidad\/\"]}]},{\"@type\":\"BreadcrumbList\",\"@id\":\"https:\/\/batzen.eus\/es\/politica-de-privacidad\/#breadcrumb\",\"itemListElement\":[{\"@type\":\"ListItem\",\"position\":1,\"name\":\"Home\",\"item\":\"https:\/\/batzen.eus\/es\/\"},{\"@type\":\"ListItem\",\"position\":2,\"name\":\"Pol\u00edtica de privacidad\"}]},{\"@type\":\"WebSite\",\"@id\":\"https:\/\/batzen.eus\/es\/#website\",\"url\":\"https:\/\/batzen.eus\/es\/\",\"name\":\"Batzen\",\"description\":\"Gazteak Enpleguratzeko Harrera Sistema\",\"publisher\":{\"@id\":\"https:\/\/batzen.eus\/es\/#organization\"},\"potentialAction\":[{\"@type\":\"SearchAction\",\"target\":{\"@type\":\"EntryPoint\",\"urlTemplate\":\"https:\/\/batzen.eus\/es\/?s={search_term_string}\"},\"query-input\":{\"@type\":\"PropertyValueSpecification\",\"valueRequired\":true,\"valueName\":\"search_term_string\"}}],\"inLanguage\":\"es\"},{\"@type\":\"Organization\",\"@id\":\"https:\/\/batzen.eus\/es\/#organization\",\"name\":\"Batzen\",\"url\":\"https:\/\/batzen.eus\/es\/\",\"logo\":{\"@type\":\"ImageObject\",\"inLanguage\":\"es\",\"@id\":\"https:\/\/batzen.eus\/es\/#\/schema\/logo\/image\/\",\"url\":\"https:\/\/batzen.eus\/wp-content\/uploads\/2021\/09\/Batzen-H-testuarekin-Kolore.png\",\"contentUrl\":\"https:\/\/batzen.eus\/wp-content\/uploads\/2021\/09\/Batzen-H-testuarekin-Kolore.png\",\"width\":1134,\"height\":386,\"caption\":\"Batzen\"},\"image\":{\"@id\":\"https:\/\/batzen.eus\/es\/#\/schema\/logo\/image\/\"}}]}<\/script>\n<!-- \/ Yoast SEO plugin. -->","yoast_head_json":{"title":"Pol\u00edtica de privacidad - Batzen","robots":{"index":"noindex","follow":"follow"},"og_locale":"es_ES","og_type":"article","og_title":"Pol\u00edtica de privacidad - Batzen","og_description":"Bienvenido\/a la Pol\u00edtica de Privacidad de Asociaci\u00f3n Cooperativa Zabalduz. En este documento encontrar\u00e1 informaci\u00f3n de su inter\u00e9s en relaci\u00f3n a c\u00f3mo Asociaci\u00f3n Cooperativa Zabalduz trata sus datos personales y los derechos que le asisten en virtud del Reglamento (UE) 2016\/679 del Parlamento Europeo y del Consejo, de 27 de abril de 2016, relativo a la [&hellip;]","og_url":"https:\/\/batzen.eus\/es\/politica-de-privacidad\/","og_site_name":"Batzen","article_modified_time":"2025-11-27T15:15:02+00:00","twitter_card":"summary_large_image","twitter_misc":{"Tiempo de lectura":"9 minutos"},"schema":{"@context":"https:\/\/schema.org","@graph":[{"@type":"WebPage","@id":"https:\/\/batzen.eus\/es\/politica-de-privacidad\/","url":"https:\/\/batzen.eus\/es\/politica-de-privacidad\/","name":"Pol\u00edtica de privacidad - Batzen","isPartOf":{"@id":"https:\/\/batzen.eus\/es\/#website"},"datePublished":"2021-10-14T21:06:51+00:00","dateModified":"2025-11-27T15:15:02+00:00","breadcrumb":{"@id":"https:\/\/batzen.eus\/es\/politica-de-privacidad\/#breadcrumb"},"inLanguage":"es","potentialAction":[{"@type":"ReadAction","target":["https:\/\/batzen.eus\/es\/politica-de-privacidad\/"]}]},{"@type":"BreadcrumbList","@id":"https:\/\/batzen.eus\/es\/politica-de-privacidad\/#breadcrumb","itemListElement":[{"@type":"ListItem","position":1,"name":"Home","item":"https:\/\/batzen.eus\/es\/"},{"@type":"ListItem","position":2,"name":"Pol\u00edtica de privacidad"}]},{"@type":"WebSite","@id":"https:\/\/batzen.eus\/es\/#website","url":"https:\/\/batzen.eus\/es\/","name":"Batzen","description":"Gazteak Enpleguratzeko Harrera Sistema","publisher":{"@id":"https:\/\/batzen.eus\/es\/#organization"},"potentialAction":[{"@type":"SearchAction","target":{"@type":"EntryPoint","urlTemplate":"https:\/\/batzen.eus\/es\/?s={search_term_string}"},"query-input":{"@type":"PropertyValueSpecification","valueRequired":true,"valueName":"search_term_string"}}],"inLanguage":"es"},{"@type":"Organization","@id":"https:\/\/batzen.eus\/es\/#organization","name":"Batzen","url":"https:\/\/batzen.eus\/es\/","logo":{"@type":"ImageObject","inLanguage":"es","@id":"https:\/\/batzen.eus\/es\/#\/schema\/logo\/image\/","url":"https:\/\/batzen.eus\/wp-content\/uploads\/2021\/09\/Batzen-H-testuarekin-Kolore.png","contentUrl":"https:\/\/batzen.eus\/wp-content\/uploads\/2021\/09\/Batzen-H-testuarekin-Kolore.png","width":1134,"height":386,"caption":"Batzen"},"image":{"@id":"https:\/\/batzen.eus\/es\/#\/schema\/logo\/image\/"}}]}},"_links":{"self":[{"href":"https:\/\/batzen.eus\/es\/wp-json\/wp\/v2\/pages\/431","targetHints":{"allow":["GET"]}}],"collection":[{"href":"https:\/\/batzen.eus\/es\/wp-json\/wp\/v2\/pages"}],"about":[{"href":"https:\/\/batzen.eus\/es\/wp-json\/wp\/v2\/types\/page"}],"author":[{"embeddable":true,"href":"https:\/\/batzen.eus\/es\/wp-json\/wp\/v2\/users\/1"}],"replies":[{"embeddable":true,"href":"https:\/\/batzen.eus\/es\/wp-json\/wp\/v2\/comments?post=431"}],"version-history":[{"count":8,"href":"https:\/\/batzen.eus\/es\/wp-json\/wp\/v2\/pages\/431\/revisions"}],"predecessor-version":[{"id":2119,"href":"https:\/\/batzen.eus\/es\/wp-json\/wp\/v2\/pages\/431\/revisions\/2119"}],"wp:attachment":[{"href":"https:\/\/batzen.eus\/es\/wp-json\/wp\/v2\/media?parent=431"}],"curies":[{"name":"wp","href":"https:\/\/api.w.org\/{rel}","templated":true}]}}